{"id":120,"date":"2024-10-22T14:35:53","date_gmt":"2024-10-22T12:35:53","guid":{"rendered":"https:\/\/nouveau.therapeutiques.ch\/?page_id=120"},"modified":"2025-02-24T12:42:50","modified_gmt":"2025-02-24T11:42:50","slug":"massage-therapeutique-et-empirique","status":"publish","type":"page","link":"https:\/\/massages.therapeutiques.ch\/index.php\/massage-therapeutique-et-empirique\/","title":{"rendered":"Massage Th\u00e9rapeutique et Empirique"},"content":{"rendered":"\t\t<div data-elementor-type=\"wp-page\" data-elementor-id=\"120\" class=\"elementor elementor-120\">\n\t\t\t\t\t\t<section class=\"elementor-section elementor-top-section elementor-element elementor-element-6510c9f elementor-section-boxed elementor-section-height-default elementor-section-height-default\" data-id=\"6510c9f\" data-element_type=\"section\" data-e-type=\"section\" data-settings=\"{&quot;background_background&quot;:&quot;classic&quot;,&quot;shape_divider_bottom&quot;:&quot;waves&quot;}\">\n\t\t\t\t\t\t\t<div class=\"elementor-background-overlay\"><\/div>\n\t\t\t\t\t\t<div class=\"elementor-shape elementor-shape-bottom\" aria-hidden=\"true\" data-negative=\"false\">\n\t\t\t<svg xmlns=\"http:\/\/www.w3.org\/2000\/svg\" viewBox=\"0 0 1000 100\" preserveAspectRatio=\"none\">\n\t<path class=\"elementor-shape-fill\" d=\"M421.9,6.5c22.6-2.5,51.5,0.4,75.5,5.3c23.6,4.9,70.9,23.5,100.5,35.7c75.8,32.2,133.7,44.5,192.6,49.7\n\tc23.6,2.1,48.7,3.5,103.4-2.5c54.7-6,106.2-25.6,106.2-25.6V0H0v30.3c0,0,72,32.6,158.4,30.5c39.2-0.7,92.8-6.7,134-22.4\n\tc21.2-8.1,52.2-18.2,79.7-24.2C399.3,7.9,411.6,7.5,421.9,6.5z\"\/>\n<\/svg>\t\t<\/div>\n\t\t\t\t\t<div class=\"elementor-container elementor-column-gap-default\">\n\t\t\t\t\t<div class=\"elementor-column elementor-col-100 elementor-top-column elementor-element elementor-element-b69fd0a\" data-id=\"b69fd0a\" data-element_type=\"column\" data-e-type=\"column\">\n\t\t\t<div class=\"elementor-widget-wrap elementor-element-populated\">\n\t\t\t\t\t\t<div class=\"elementor-element elementor-element-4470ed2 elementor-invisible elementor-widget elementor-widget-heading\" data-id=\"4470ed2\" data-element_type=\"widget\" data-e-type=\"widget\" data-settings=\"{&quot;_animation&quot;:&quot;zoomIn&quot;}\" data-widget_type=\"heading.default\">\n\t\t\t\t<div class=\"elementor-widget-container\">\n\t\t\t\t\t<h1 class=\"elementor-heading-title elementor-size-default\">Massage Th\u00e9rapeutique et Empirique<\/h1>\t\t\t\t<\/div>\n\t\t\t\t<\/div>\n\t\t\t\t\t<\/div>\n\t\t<\/div>\n\t\t\t\t\t<\/div>\n\t\t<\/section>\n\t\t\t\t<section class=\"elementor-section elementor-top-section elementor-element elementor-element-182b177 elementor-section-boxed elementor-section-height-default elementor-section-height-default\" data-id=\"182b177\" data-element_type=\"section\" data-e-type=\"section\">\n\t\t\t\t\t\t<div class=\"elementor-container elementor-column-gap-default\">\n\t\t\t\t\t<div class=\"elementor-column elementor-col-100 elementor-top-column elementor-element elementor-element-7cd0e90\" data-id=\"7cd0e90\" data-element_type=\"column\" data-e-type=\"column\">\n\t\t\t<div class=\"elementor-widget-wrap elementor-element-populated\">\n\t\t\t\t\t\t<div class=\"elementor-element elementor-element-48aa805 elementor-widget elementor-widget-text-editor\" data-id=\"48aa805\" data-element_type=\"widget\" data-e-type=\"widget\" data-widget_type=\"text-editor.default\">\n\t\t\t\t<div class=\"elementor-widget-container\">\n\t\t\t\t\t\t\t\t\t<p>Le but du massage th\u00e9rapeutique est avant tout de d\u00e9tendre les muscles lors de tensions, noeuds musculaires et douleurs.<br>Les raccourcissements musculaires, les pressions et le maintien de certaines postures sont de bonnes m\u00e9thodes qui ont l&rsquo;avantage de ne pas \u00eatre douloureuses.<br>Les muscles sont comme des ressorts et le fait de les comprimer et de les raccourcir les remet \u00e0 leur place en leur redonnant de la souplesse et de l&rsquo;\u00e9lasticit\u00e9.<\/p>\t\t\t\t\t\t\t\t<\/div>\n\t\t\t\t<\/div>\n\t\t\t\t<div class=\"elementor-element elementor-element-d90ca0f elementor-widget elementor-widget-image\" data-id=\"d90ca0f\" data-element_type=\"widget\" data-e-type=\"widget\" data-widget_type=\"image.default\">\n\t\t\t\t<div class=\"elementor-widget-container\">\n\t\t\t\t\t\t\t\t\t\t\t\t\t\t\t<img fetchpriority=\"high\" decoding=\"async\" width=\"1900\" height=\"1068\" src=\"https:\/\/massages.therapeutiques.ch\/wp-content\/uploads\/2025\/02\/ARM02891.jpg\" class=\"attachment-full size-full wp-image-970\" alt=\"\" srcset=\"https:\/\/massages.therapeutiques.ch\/wp-content\/uploads\/2025\/02\/ARM02891.jpg 1900w, https:\/\/massages.therapeutiques.ch\/wp-content\/uploads\/2025\/02\/ARM02891-300x169.jpg 300w, https:\/\/massages.therapeutiques.ch\/wp-content\/uploads\/2025\/02\/ARM02891-1024x576.jpg 1024w, https:\/\/massages.therapeutiques.ch\/wp-content\/uploads\/2025\/02\/ARM02891-768x432.jpg 768w, https:\/\/massages.therapeutiques.ch\/wp-content\/uploads\/2025\/02\/ARM02891-1536x863.jpg 1536w\" sizes=\"(max-width: 1900px) 100vw, 1900px\" \/>\t\t\t\t\t\t\t\t\t\t\t\t\t\t\t<\/div>\n\t\t\t\t<\/div>\n\t\t\t\t<div class=\"elementor-element elementor-element-857a652 elementor-widget elementor-widget-image\" data-id=\"857a652\" data-element_type=\"widget\" data-e-type=\"widget\" data-widget_type=\"image.default\">\n\t\t\t\t<div class=\"elementor-widget-container\">\n\t\t\t\t\t\t\t\t\t\t\t\t\t\t\t<img decoding=\"async\" width=\"1900\" height=\"1068\" src=\"https:\/\/massages.therapeutiques.ch\/wp-content\/uploads\/2025\/02\/ARM02902.jpg\" class=\"attachment-full size-full wp-image-971\" alt=\"\" srcset=\"https:\/\/massages.therapeutiques.ch\/wp-content\/uploads\/2025\/02\/ARM02902.jpg 1900w, https:\/\/massages.therapeutiques.ch\/wp-content\/uploads\/2025\/02\/ARM02902-300x169.jpg 300w, https:\/\/massages.therapeutiques.ch\/wp-content\/uploads\/2025\/02\/ARM02902-1024x576.jpg 1024w, https:\/\/massages.therapeutiques.ch\/wp-content\/uploads\/2025\/02\/ARM02902-768x432.jpg 768w, https:\/\/massages.therapeutiques.ch\/wp-content\/uploads\/2025\/02\/ARM02902-1536x863.jpg 1536w\" sizes=\"(max-width: 1900px) 100vw, 1900px\" \/>\t\t\t\t\t\t\t\t\t\t\t\t\t\t\t<\/div>\n\t\t\t\t<\/div>\n\t\t\t\t<div class=\"elementor-element elementor-element-d428f5c elementor-widget elementor-widget-image\" data-id=\"d428f5c\" data-element_type=\"widget\" data-e-type=\"widget\" data-widget_type=\"image.default\">\n\t\t\t\t<div class=\"elementor-widget-container\">\n\t\t\t\t\t\t\t\t\t\t\t\t\t\t\t<img decoding=\"async\" src=\"https:\/\/nouveau.therapeutiques.ch\/wp-content\/uploads\/2025\/01\/dos1.jpg.png\" title=\"\" alt=\"\" loading=\"lazy\" \/>\t\t\t\t\t\t\t\t\t\t\t\t\t\t\t<\/div>\n\t\t\t\t<\/div>\n\t\t\t\t<div class=\"elementor-element elementor-element-cb51d4a elementor-widget elementor-widget-text-editor\" data-id=\"cb51d4a\" data-element_type=\"widget\" data-e-type=\"widget\" data-widget_type=\"text-editor.default\">\n\t\t\t\t<div class=\"elementor-widget-container\">\n\t\t\t\t\t\t\t\t\t<p>Le massage empirique est une m\u00e9thode fonctionnelle et structurelle efficace permettant de r\u00e9soudre des nombreux probl\u00e8mes physiques tels que : contractures musculaires, douleurs dans les nerfs, tendinites, dorsalgie, lombalgie, torticolis etc.<br \/>C&rsquo;est un massage en profondeur sur les tendons les muscles et les nerfs. Il peut se pratiquer avec les doigts, la paume de la main, le poing, et le coude.<br \/>Les r\u00e9sultats sont souvent spectaculaires d\u00e8s la premi\u00e8re s\u00e9ance.<\/p>\t\t\t\t\t\t\t\t<\/div>\n\t\t\t\t<\/div>\n\t\t\t\t<div class=\"elementor-element elementor-element-f48d85d elementor-widget elementor-widget-text-editor\" data-id=\"f48d85d\" data-element_type=\"widget\" data-e-type=\"widget\" data-widget_type=\"text-editor.default\">\n\t\t\t\t<div class=\"elementor-widget-container\">\n\t\t\t\t\t\t\t\t\t<p>Une combinaison selon les besoins du massage Empirique, Th\u00e9rapeutique et Relaxant donne de tr\u00e8s bon r\u00e9sultats.<\/p>\t\t\t\t\t\t\t\t<\/div>\n\t\t\t\t<\/div>\n\t\t\t\t<div class=\"elementor-element elementor-element-64df90b elementor-widget elementor-widget-image\" data-id=\"64df90b\" data-element_type=\"widget\" data-e-type=\"widget\" data-widget_type=\"image.default\">\n\t\t\t\t<div class=\"elementor-widget-container\">\n\t\t\t\t\t\t\t\t\t\t\t\t\t\t\t<img decoding=\"async\" src=\"https:\/\/nouveau.therapeutiques.ch\/wp-content\/uploads\/2025\/01\/epaules.jpg.png\" title=\"\" alt=\"\" loading=\"lazy\" \/>\t\t\t\t\t\t\t\t\t\t\t\t\t\t\t<\/div>\n\t\t\t\t<\/div>\n\t\t\t\t<div class=\"elementor-element elementor-element-59f4da9 elementor-widget elementor-widget-image\" data-id=\"59f4da9\" data-element_type=\"widget\" data-e-type=\"widget\" data-widget_type=\"image.default\">\n\t\t\t\t<div class=\"elementor-widget-container\">\n\t\t\t\t\t\t\t\t\t\t\t\t\t\t\t<img decoding=\"async\" width=\"1900\" height=\"1068\" src=\"https:\/\/massages.therapeutiques.ch\/wp-content\/uploads\/2025\/02\/ARM02997.jpg\" class=\"attachment-full size-full wp-image-979\" alt=\"\" srcset=\"https:\/\/massages.therapeutiques.ch\/wp-content\/uploads\/2025\/02\/ARM02997.jpg 1900w, https:\/\/massages.therapeutiques.ch\/wp-content\/uploads\/2025\/02\/ARM02997-300x169.jpg 300w, https:\/\/massages.therapeutiques.ch\/wp-content\/uploads\/2025\/02\/ARM02997-1024x576.jpg 1024w, https:\/\/massages.therapeutiques.ch\/wp-content\/uploads\/2025\/02\/ARM02997-768x432.jpg 768w, https:\/\/massages.therapeutiques.ch\/wp-content\/uploads\/2025\/02\/ARM02997-1536x863.jpg 1536w\" sizes=\"(max-width: 1900px) 100vw, 1900px\" \/>\t\t\t\t\t\t\t\t\t\t\t\t\t\t\t<\/div>\n\t\t\t\t<\/div>\n\t\t\t\t<div class=\"elementor-element elementor-element-2149b3d elementor-widget elementor-widget-image\" data-id=\"2149b3d\" data-element_type=\"widget\" data-e-type=\"widget\" data-widget_type=\"image.default\">\n\t\t\t\t<div class=\"elementor-widget-container\">\n\t\t\t\t\t\t\t\t\t\t\t\t\t\t\t<img loading=\"lazy\" decoding=\"async\" width=\"1900\" height=\"1068\" src=\"https:\/\/massages.therapeutiques.ch\/wp-content\/uploads\/2025\/02\/ARM03005.jpg\" class=\"attachment-full size-full wp-image-980\" alt=\"\" srcset=\"https:\/\/massages.therapeutiques.ch\/wp-content\/uploads\/2025\/02\/ARM03005.jpg 1900w, https:\/\/massages.therapeutiques.ch\/wp-content\/uploads\/2025\/02\/ARM03005-300x169.jpg 300w, https:\/\/massages.therapeutiques.ch\/wp-content\/uploads\/2025\/02\/ARM03005-1024x576.jpg 1024w, https:\/\/massages.therapeutiques.ch\/wp-content\/uploads\/2025\/02\/ARM03005-768x432.jpg 768w, https:\/\/massages.therapeutiques.ch\/wp-content\/uploads\/2025\/02\/ARM03005-1536x863.jpg 1536w\" sizes=\"(max-width: 1900px) 100vw, 1900px\" \/>\t\t\t\t\t\t\t\t\t\t\t\t\t\t\t<\/div>\n\t\t\t\t<\/div>\n\t\t\t\t\t<\/div>\n\t\t<\/div>\n\t\t\t\t\t<\/div>\n\t\t<\/section>\n\t\t<div class=\"elementor-element elementor-element-777adda e-flex e-con-boxed e-con e-parent\" data-id=\"777adda\" data-element_type=\"container\" data-e-type=\"container\">\n\t\t\t\t\t<div class=\"e-con-inner\">\n\t\t\t\t<div class=\"elementor-element elementor-element-8e73a4a elementor-widget elementor-widget-heading\" data-id=\"8e73a4a\" data-element_type=\"widget\" data-e-type=\"widget\" data-widget_type=\"heading.default\">\n\t\t\t\t<div class=\"elementor-widget-container\">\n\t\t\t\t\t<h2 class=\"elementor-heading-title elementor-size-default\">Avantages et bienfaits<\/h2>\t\t\t\t<\/div>\n\t\t\t\t<\/div>\n\t\t\t\t<div class=\"elementor-element elementor-element-a95baea elementor-icon-list--layout-traditional elementor-list-item-link-full_width elementor-widget elementor-widget-icon-list\" data-id=\"a95baea\" data-element_type=\"widget\" data-e-type=\"widget\" data-widget_type=\"icon-list.default\">\n\t\t\t\t<div class=\"elementor-widget-container\">\n\t\t\t\t\t\t\t<ul class=\"elementor-icon-list-items\">\n\t\t\t\t\t\t\t<li class=\"elementor-icon-list-item\">\n\t\t\t\t\t\t\t\t\t\t\t<span class=\"elementor-icon-list-icon\">\n\t\t\t\t\t\t\t<svg aria-hidden=\"true\" class=\"e-font-icon-svg e-fas-circle\" viewBox=\"0 0 512 512\" xmlns=\"http:\/\/www.w3.org\/2000\/svg\"><path d=\"M256 8C119 8 8 119 8 256s111 248 248 248 248-111 248-248S393 8 256 8z\"><\/path><\/svg>\t\t\t\t\t\t<\/span>\n\t\t\t\t\t\t\t\t\t\t<span class=\"elementor-icon-list-text\">lib\u00e8re les blocages articulaires et musculaires<\/span>\n\t\t\t\t\t\t\t\t\t<\/li>\n\t\t\t\t\t\t\t\t<li class=\"elementor-icon-list-item\">\n\t\t\t\t\t\t\t\t\t\t\t<span class=\"elementor-icon-list-icon\">\n\t\t\t\t\t\t\t<svg aria-hidden=\"true\" class=\"e-font-icon-svg e-fas-circle\" viewBox=\"0 0 512 512\" xmlns=\"http:\/\/www.w3.org\/2000\/svg\"><path d=\"M256 8C119 8 8 119 8 256s111 248 248 248 248-111 248-248S393 8 256 8z\"><\/path><\/svg>\t\t\t\t\t\t<\/span>\n\t\t\t\t\t\t\t\t\t\t<span class=\"elementor-icon-list-text\">assouplit la peau, les muscles, tendons et ligaments<\/span>\n\t\t\t\t\t\t\t\t\t<\/li>\n\t\t\t\t\t\t\t\t<li class=\"elementor-icon-list-item\">\n\t\t\t\t\t\t\t\t\t\t\t<span class=\"elementor-icon-list-icon\">\n\t\t\t\t\t\t\t<svg aria-hidden=\"true\" class=\"e-font-icon-svg e-fas-circle\" viewBox=\"0 0 512 512\" xmlns=\"http:\/\/www.w3.org\/2000\/svg\"><path d=\"M256 8C119 8 8 119 8 256s111 248 248 248 248-111 248-248S393 8 256 8z\"><\/path><\/svg>\t\t\t\t\t\t<\/span>\n\t\t\t\t\t\t\t\t\t\t<span class=\"elementor-icon-list-text\">d\u00e9congestionne les muscles<\/span>\n\t\t\t\t\t\t\t\t\t<\/li>\n\t\t\t\t\t\t\t\t<li class=\"elementor-icon-list-item\">\n\t\t\t\t\t\t\t\t\t\t\t<span class=\"elementor-icon-list-icon\">\n\t\t\t\t\t\t\t<svg aria-hidden=\"true\" class=\"e-font-icon-svg e-fas-circle\" viewBox=\"0 0 512 512\" xmlns=\"http:\/\/www.w3.org\/2000\/svg\"><path d=\"M256 8C119 8 8 119 8 256s111 248 248 248 248-111 248-248S393 8 256 8z\"><\/path><\/svg>\t\t\t\t\t\t<\/span>\n\t\t\t\t\t\t\t\t\t\t<span class=\"elementor-icon-list-text\">\u00e9limine les toxines<\/span>\n\t\t\t\t\t\t\t\t\t<\/li>\n\t\t\t\t\t\t\t\t<li class=\"elementor-icon-list-item\">\n\t\t\t\t\t\t\t\t\t\t\t<span class=\"elementor-icon-list-icon\">\n\t\t\t\t\t\t\t<svg aria-hidden=\"true\" class=\"e-font-icon-svg e-fas-circle\" viewBox=\"0 0 512 512\" xmlns=\"http:\/\/www.w3.org\/2000\/svg\"><path d=\"M256 8C119 8 8 119 8 256s111 248 248 248 248-111 248-248S393 8 256 8z\"><\/path><\/svg>\t\t\t\t\t\t<\/span>\n\t\t\t\t\t\t\t\t\t\t<span class=\"elementor-icon-list-text\">am\u00e9liore la circulation sanguine<\/span>\n\t\t\t\t\t\t\t\t\t<\/li>\n\t\t\t\t\t\t\t\t<li class=\"elementor-icon-list-item\">\n\t\t\t\t\t\t\t\t\t\t\t<span class=\"elementor-icon-list-icon\">\n\t\t\t\t\t\t\t<svg aria-hidden=\"true\" class=\"e-font-icon-svg e-fas-circle\" viewBox=\"0 0 512 512\" xmlns=\"http:\/\/www.w3.org\/2000\/svg\"><path d=\"M256 8C119 8 8 119 8 256s111 248 248 248 248-111 248-248S393 8 256 8z\"><\/path><\/svg>\t\t\t\t\t\t<\/span>\n\t\t\t\t\t\t\t\t\t\t<span class=\"elementor-icon-list-text\">d\u00e9tend les muscles tendus apr\u00e8s le sport ou suite \u00e0 des tensions musculaires<\/span>\n\t\t\t\t\t\t\t\t\t<\/li>\n\t\t\t\t\t\t\t\t<li class=\"elementor-icon-list-item\">\n\t\t\t\t\t\t\t\t\t\t\t<span class=\"elementor-icon-list-icon\">\n\t\t\t\t\t\t\t<svg aria-hidden=\"true\" class=\"e-font-icon-svg e-fas-circle\" viewBox=\"0 0 512 512\" xmlns=\"http:\/\/www.w3.org\/2000\/svg\"><path d=\"M256 8C119 8 8 119 8 256s111 248 248 248 248-111 248-248S393 8 256 8z\"><\/path><\/svg>\t\t\t\t\t\t<\/span>\n\t\t\t\t\t\t\t\t\t\t<span class=\"elementor-icon-list-text\">\u00e9limine le stress et la nervosit\u00e9<\/span>\n\t\t\t\t\t\t\t\t\t<\/li>\n\t\t\t\t\t\t<\/ul>\n\t\t\t\t\t\t<\/div>\n\t\t\t\t<\/div>\n\t\t\t\t<div class=\"elementor-element elementor-element-93c2fd6 elementor-widget elementor-widget-image\" data-id=\"93c2fd6\" data-element_type=\"widget\" data-e-type=\"widget\" data-widget_type=\"image.default\">\n\t\t\t\t<div class=\"elementor-widget-container\">\n\t\t\t\t\t\t\t\t\t\t\t\t\t\t\t<img decoding=\"async\" src=\"http:\/\/nouveau.therapeutiques.ch\/wp-content\/uploads\/2024\/10\/photo2.jpg\" title=\"\" alt=\"\" loading=\"lazy\" \/>\t\t\t\t\t\t\t\t\t\t\t\t\t\t\t<\/div>\n\t\t\t\t<\/div>\n\t\t\t\t<div class=\"elementor-element elementor-element-8ce6758 elementor-widget elementor-widget-image\" data-id=\"8ce6758\" data-element_type=\"widget\" data-e-type=\"widget\" data-widget_type=\"image.default\">\n\t\t\t\t<div class=\"elementor-widget-container\">\n\t\t\t\t\t\t\t\t\t\t\t\t\t\t\t<img loading=\"lazy\" decoding=\"async\" width=\"1900\" height=\"1267\" src=\"https:\/\/massages.therapeutiques.ch\/wp-content\/uploads\/2025\/02\/ARM02868b.jpg\" class=\"attachment-full size-full wp-image-1000\" alt=\"\" srcset=\"https:\/\/massages.therapeutiques.ch\/wp-content\/uploads\/2025\/02\/ARM02868b.jpg 1900w, https:\/\/massages.therapeutiques.ch\/wp-content\/uploads\/2025\/02\/ARM02868b-300x200.jpg 300w, https:\/\/massages.therapeutiques.ch\/wp-content\/uploads\/2025\/02\/ARM02868b-1024x683.jpg 1024w, https:\/\/massages.therapeutiques.ch\/wp-content\/uploads\/2025\/02\/ARM02868b-768x512.jpg 768w, https:\/\/massages.therapeutiques.ch\/wp-content\/uploads\/2025\/02\/ARM02868b-1536x1024.jpg 1536w\" sizes=\"(max-width: 1900px) 100vw, 1900px\" \/>\t\t\t\t\t\t\t\t\t\t\t\t\t\t\t<\/div>\n\t\t\t\t<\/div>\n\t\t\t\t<div class=\"elementor-element elementor-element-9e2467a elementor-widget elementor-widget-image\" data-id=\"9e2467a\" data-element_type=\"widget\" data-e-type=\"widget\" data-widget_type=\"image.default\">\n\t\t\t\t<div class=\"elementor-widget-container\">\n\t\t\t\t\t\t\t\t\t\t\t\t\t\t\t<img loading=\"lazy\" decoding=\"async\" width=\"1900\" height=\"1267\" src=\"https:\/\/massages.therapeutiques.ch\/wp-content\/uploads\/2025\/02\/ARM02984b.jpg\" class=\"attachment-full size-full wp-image-1101\" alt=\"\" srcset=\"https:\/\/massages.therapeutiques.ch\/wp-content\/uploads\/2025\/02\/ARM02984b.jpg 1900w, https:\/\/massages.therapeutiques.ch\/wp-content\/uploads\/2025\/02\/ARM02984b-300x200.jpg 300w, https:\/\/massages.therapeutiques.ch\/wp-content\/uploads\/2025\/02\/ARM02984b-1024x683.jpg 1024w, https:\/\/massages.therapeutiques.ch\/wp-content\/uploads\/2025\/02\/ARM02984b-768x512.jpg 768w, https:\/\/massages.therapeutiques.ch\/wp-content\/uploads\/2025\/02\/ARM02984b-1536x1024.jpg 1536w\" sizes=\"(max-width: 1900px) 100vw, 1900px\" \/>\t\t\t\t\t\t\t\t\t\t\t\t\t\t\t<\/div>\n\t\t\t\t<\/div>\n\t\t\t\t<div class=\"elementor-element elementor-element-d5dc688 elementor-widget elementor-widget-image\" data-id=\"d5dc688\" data-element_type=\"widget\" data-e-type=\"widget\" data-widget_type=\"image.default\">\n\t\t\t\t<div class=\"elementor-widget-container\">\n\t\t\t\t\t\t\t\t\t\t\t\t\t\t\t<img decoding=\"async\" src=\"https:\/\/nouveau.therapeutiques.ch\/wp-content\/uploads\/2025\/02\/dos1.jpg\" title=\"\" alt=\"\" loading=\"lazy\" \/>\t\t\t\t\t\t\t\t\t\t\t\t\t\t\t<\/div>\n\t\t\t\t<\/div>\n\t\t\t\t<div class=\"elementor-element elementor-element-3397c94 elementor-widget elementor-widget-image\" data-id=\"3397c94\" data-element_type=\"widget\" data-e-type=\"widget\" data-widget_type=\"image.default\">\n\t\t\t\t<div class=\"elementor-widget-container\">\n\t\t\t\t\t\t\t\t\t\t\t\t\t\t\t<img decoding=\"async\" src=\"https:\/\/nouveau.therapeutiques.ch\/wp-content\/uploads\/2025\/02\/jambes.jpg\" title=\"\" alt=\"\" loading=\"lazy\" \/>\t\t\t\t\t\t\t\t\t\t\t\t\t\t\t<\/div>\n\t\t\t\t<\/div>\n\t\t\t\t<div class=\"elementor-element elementor-element-7061f69 elementor-align-center elementor-widget elementor-widget-button\" data-id=\"7061f69\" data-element_type=\"widget\" data-e-type=\"widget\" data-widget_type=\"button.default\">\n\t\t\t\t<div class=\"elementor-widget-container\">\n\t\t\t\t\t\t\t\t\t<div class=\"elementor-button-wrapper\">\n\t\t\t\t\t<a class=\"elementor-button elementor-button-link elementor-size-sm elementor-animation-bob\" href=\"https:\/\/calendar.google.com\/calendar\/appointments\/AcZssZ2eN7wyHxQBny7xn5BqBldzY5gLHHdqh_sOJrY=?gv=true\">\n\t\t\t\t\t\t<span class=\"elementor-button-content-wrapper\">\n\t\t\t\t\t\t\t\t\t<span class=\"elementor-button-text\">R\u00e9servez un rendez-vous<\/span>\n\t\t\t\t\t<\/span>\n\t\t\t\t\t<\/a>\n\t\t\t\t<\/div>\n\t\t\t\t\t\t\t\t<\/div>\n\t\t\t\t<\/div>\n\t\t\t\t\t<\/div>\n\t\t\t\t<\/div>\n\t\t\t\t<\/div>\n\t\t","protected":false},"excerpt":{"rendered":"<p>Massage Th\u00e9rapeutique et Empirique Le but du massage th\u00e9rapeutique est avant tout de d\u00e9tendre les muscles lors de tensions, noeuds musculaires et douleurs.Les raccourcissements musculaires, les pressions et le maintien de certaines postures sont de bonnes m\u00e9thodes qui ont l&rsquo;avantage de ne pas \u00eatre douloureuses.Les muscles sont comme des ressorts et le fait de les [&hellip;]<\/p>\n","protected":false},"author":1,"featured_media":0,"parent":0,"menu_order":14,"comment_status":"closed","ping_status":"closed","template":"","meta":{"footnotes":""},"class_list":["post-120","page","type-page","status-publish","hentry"],"_links":{"self":[{"href":"https:\/\/massages.therapeutiques.ch\/index.php\/wp-json\/wp\/v2\/pages\/120","targetHints":{"allow":["GET"]}}],"collection":[{"href":"https:\/\/massages.therapeutiques.ch\/index.php\/wp-json\/wp\/v2\/pages"}],"about":[{"href":"https:\/\/massages.therapeutiques.ch\/index.php\/wp-json\/wp\/v2\/types\/page"}],"author":[{"embeddable":true,"href":"https:\/\/massages.therapeutiques.ch\/index.php\/wp-json\/wp\/v2\/users\/1"}],"replies":[{"embeddable":true,"href":"https:\/\/massages.therapeutiques.ch\/index.php\/wp-json\/wp\/v2\/comments?post=120"}],"version-history":[{"count":25,"href":"https:\/\/massages.therapeutiques.ch\/index.php\/wp-json\/wp\/v2\/pages\/120\/revisions"}],"predecessor-version":[{"id":1181,"href":"https:\/\/massages.therapeutiques.ch\/index.php\/wp-json\/wp\/v2\/pages\/120\/revisions\/1181"}],"wp:attachment":[{"href":"https:\/\/massages.therapeutiques.ch\/index.php\/wp-json\/wp\/v2\/media?parent=120"}],"curies":[{"name":"wp","href":"https:\/\/api.w.org\/{rel}","templated":true}]}}