{"id":125,"date":"2024-10-22T14:37:38","date_gmt":"2024-10-22T12:37:38","guid":{"rendered":"https:\/\/nouveau.therapeutiques.ch\/?page_id=125"},"modified":"2025-02-27T12:52:12","modified_gmt":"2025-02-27T11:52:12","slug":"radiesthesie","status":"publish","type":"page","link":"https:\/\/massages.therapeutiques.ch\/index.php\/radiesthesie\/","title":{"rendered":"Radiesth\u00e9sie"},"content":{"rendered":"\t\t<div data-elementor-type=\"wp-page\" data-elementor-id=\"125\" class=\"elementor elementor-125\">\n\t\t\t\t\t\t<section class=\"elementor-section elementor-top-section elementor-element elementor-element-4475637 elementor-section-boxed elementor-section-height-default elementor-section-height-default\" data-id=\"4475637\" data-element_type=\"section\" data-e-type=\"section\" data-settings=\"{&quot;background_background&quot;:&quot;classic&quot;,&quot;shape_divider_bottom&quot;:&quot;waves&quot;}\">\n\t\t\t\t\t\t\t<div class=\"elementor-background-overlay\"><\/div>\n\t\t\t\t\t\t<div class=\"elementor-shape elementor-shape-bottom\" aria-hidden=\"true\" data-negative=\"false\">\n\t\t\t<svg xmlns=\"http:\/\/www.w3.org\/2000\/svg\" viewBox=\"0 0 1000 100\" preserveAspectRatio=\"none\">\n\t<path class=\"elementor-shape-fill\" d=\"M421.9,6.5c22.6-2.5,51.5,0.4,75.5,5.3c23.6,4.9,70.9,23.5,100.5,35.7c75.8,32.2,133.7,44.5,192.6,49.7\n\tc23.6,2.1,48.7,3.5,103.4-2.5c54.7-6,106.2-25.6,106.2-25.6V0H0v30.3c0,0,72,32.6,158.4,30.5c39.2-0.7,92.8-6.7,134-22.4\n\tc21.2-8.1,52.2-18.2,79.7-24.2C399.3,7.9,411.6,7.5,421.9,6.5z\"\/>\n<\/svg>\t\t<\/div>\n\t\t\t\t\t<div class=\"elementor-container elementor-column-gap-default\">\n\t\t\t\t\t<div class=\"elementor-column elementor-col-100 elementor-top-column elementor-element elementor-element-6428729\" data-id=\"6428729\" data-element_type=\"column\" data-e-type=\"column\">\n\t\t\t<div class=\"elementor-widget-wrap elementor-element-populated\">\n\t\t\t\t\t\t<div class=\"elementor-element elementor-element-90516d6 elementor-invisible elementor-widget elementor-widget-heading\" data-id=\"90516d6\" data-element_type=\"widget\" data-e-type=\"widget\" data-settings=\"{&quot;_animation&quot;:&quot;zoomIn&quot;}\" data-widget_type=\"heading.default\">\n\t\t\t\t<div class=\"elementor-widget-container\">\n\t\t\t\t\t<h1 class=\"elementor-heading-title elementor-size-default\">Pendule et radiesth\u00e9sie vibratoire avec principalement le PU6<\/h1>\t\t\t\t<\/div>\n\t\t\t\t<\/div>\n\t\t\t\t\t<\/div>\n\t\t<\/div>\n\t\t\t\t\t<\/div>\n\t\t<\/section>\n\t\t\t\t<section class=\"elementor-section elementor-top-section elementor-element elementor-element-39a8a71 elementor-section-boxed elementor-section-height-default elementor-section-height-default\" data-id=\"39a8a71\" data-element_type=\"section\" data-e-type=\"section\">\n\t\t\t\t\t\t<div class=\"elementor-container elementor-column-gap-default\">\n\t\t\t\t\t<div class=\"elementor-column elementor-col-100 elementor-top-column elementor-element elementor-element-954650a\" data-id=\"954650a\" data-element_type=\"column\" data-e-type=\"column\">\n\t\t\t<div class=\"elementor-widget-wrap elementor-element-populated\">\n\t\t\t\t\t\t<div class=\"elementor-element elementor-element-34af6f3 elementor-widget elementor-widget-text-editor\" data-id=\"34af6f3\" data-element_type=\"widget\" data-e-type=\"widget\" data-widget_type=\"text-editor.default\">\n\t\t\t\t<div class=\"elementor-widget-container\">\n\t\t\t\t\t\t\t\t\t<p>Le pendule fonctionne gr\u00e2ce \u00e0 l\u2019\u00e9nergie qui est en toutes choses et en chacun. Il se connecte \u00e0 la personne et va bouger, tourner, travailler automatiquement au bons endroits. Il est comme un aimant, attir\u00e9 \u00e0 l\u2019endroit qui a besoin d\u2019\u00eatre trait\u00e9. Il s\u2019agit l\u00e0 d\u2019ondes de forme, de g\u00e9om\u00e9trie sacr\u00e9e, peu connus \u00e0 ce moment par les humains sur la Terre.<\/p>\t\t\t\t\t\t\t\t<\/div>\n\t\t\t\t<\/div>\n\t\t\t\t<div class=\"elementor-element elementor-element-f4647ea elementor-widget elementor-widget-image\" data-id=\"f4647ea\" data-element_type=\"widget\" data-e-type=\"widget\" data-settings=\"{&quot;_animation&quot;:&quot;none&quot;}\" data-widget_type=\"image.default\">\n\t\t\t\t<div class=\"elementor-widget-container\">\n\t\t\t\t\t\t\t\t\t\t\t\t\t\t\t<img fetchpriority=\"high\" decoding=\"async\" width=\"434\" height=\"499\" src=\"https:\/\/massages.therapeutiques.ch\/wp-content\/uploads\/2024\/10\/pu1.jpg\" class=\"attachment-large size-large wp-image-31\" alt=\"\" srcset=\"https:\/\/massages.therapeutiques.ch\/wp-content\/uploads\/2024\/10\/pu1.jpg 434w, https:\/\/massages.therapeutiques.ch\/wp-content\/uploads\/2024\/10\/pu1-261x300.jpg 261w\" sizes=\"(max-width: 434px) 100vw, 434px\" \/>\t\t\t\t\t\t\t\t\t\t\t\t\t\t\t<\/div>\n\t\t\t\t<\/div>\n\t\t\t\t<div class=\"elementor-element elementor-element-26ecd1c elementor-widget elementor-widget-text-editor\" data-id=\"26ecd1c\" data-element_type=\"widget\" data-e-type=\"widget\" data-widget_type=\"text-editor.default\">\n\t\t\t\t<div class=\"elementor-widget-container\">\n\t\t\t\t\t\t\t\t\t<p>Le pendule universel PU6 est un outil merveilleux qui vous permet avec pr\u00e9cision de faire des soins \u00e9nerg\u00e9tique sur toute l\u2019aura efficacement.<\/p><p>Il ne vous vient peut-\u00eatre pas \u00e0 l\u2019id\u00e9e de vous gu\u00e9rir avec un pendule, pourtant dans bien des domaines, il est une alternative efficace \u00e0 la m\u00e9decine traditionnelle. Il ne remplace assur\u00e9ment pas toujours la m\u00e9decine, mais dans tous les cas il l\u2019accompagne. Il aide \u00e0 une gu\u00e9rison plus rapide en fonctionnant en alternance avec la m\u00e9decine traditionnelle.<\/p><p>En dehors des soins m\u00e9dicaux ou pharmaceutiques, il apporte une aide consid\u00e9rable pour r\u00e9ajuster votre aura. Soit tous vos chakras et tous vos corps. Il permet par toutes ses diff\u00e9rentes possibilit\u00e9s de positionnement, de cr\u00e9er diff\u00e9rentes ondes de forme tr\u00e8s pr\u00e9cises pour travailler sur tous les chakras, \u00e0 tous les niveaux, sur tous les corps \u00e9nerg\u00e9tiques.<\/p><p>Il travaille donc vous l\u2019avez compris aussi bien sur le corps physique que les corps \u00e9nerg\u00e9tiques. Dans les corps \u00e9nerg\u00e9tiques sont compris les corps causal, et \u00e9motionnels. Ce qui explique son fonctionnement \u00e9galement pour tout probl\u00e8me \u00e9motionnel, psychologique ou psycho \u00e9motionnel.<\/p><p>En combinaison avec les mesures du taux vibratoire et des chakras, ainsi que le dessin de l\u2019aura (auragraphie), il repr\u00e9sente un outils complet et efficace pour tout soin sur l\u2019\u00eatre humain et tous les \u00eatres vivants.<\/p><p>Il peut \u00e9galement \u00eatre utilis\u00e9 contre la magie noire et pour faire dispara\u00eetre des entit\u00e9s, ou tout corps \u00e9trangers, sur tous les \u00eatres humains.<\/p><p>Le soin est compl\u00e9t\u00e9 par la mise en \u0153uvre d\u2019huiles essentielles ou pierre semi pr\u00e9cieuses choisies avec soin, afin d\u2019am\u00e9liorer encore la profondeur et l\u2019efficacit\u00e9 du soin. Le magn\u00e9tisme est \u00e9galement une ressource possible \u00e0 combiner avec le soin de radiesth\u00e9sie.<\/p><p>Tant que le soin est pratiqu\u00e9 avec une intention bienveillante et positive, aucun mal, aucun effet n\u00e9gatif ne peut \u00eatre observ\u00e9. Cette pratique de soins est donc compl\u00e8tement fiable et inoffensive, soit sans effet secondaire.<\/p><p>Le nombre de soins \u00e0 effectuer est variable selon les personnes, en fonction de l\u2019intensit\u00e9 du probl\u00e8me, en fonction de la compr\u00e9hension, et du pouvoir de r\u00e9action et de r\u00e9ceptivit\u00e9 de la personne soign\u00e9e.<\/p><p>On ne peut donc pas conseiller un nombre de soins \u00e0 effectuer, car la r\u00e9action des personnes est impr\u00e9visible, et cela sur tous les niveaux vibratoires.<\/p><p>Aucune garantie de gu\u00e9rison ne peut donc \u00eatre accord\u00e9e. Par contre on peut garantir une am\u00e9lioration, ou tout au moins, emp\u00eacher qu\u2019une situation s\u2019aggrave.<\/p><p>L\u2019efficacit\u00e9 du pendule est ind\u00e9niable. Il s\u2019agit assur\u00e9ment du moyen le plus s\u00fbr pour aider quelqu\u2019un.<\/p>\t\t\t\t\t\t\t\t<\/div>\n\t\t\t\t<\/div>\n\t\t\t\t<div class=\"elementor-element elementor-element-684a277 elementor-widget elementor-widget-image\" data-id=\"684a277\" data-element_type=\"widget\" data-e-type=\"widget\" data-widget_type=\"image.default\">\n\t\t\t\t<div class=\"elementor-widget-container\">\n\t\t\t\t\t\t\t\t\t\t\t\t\t\t\t<img decoding=\"async\" width=\"600\" height=\"338\" src=\"https:\/\/massages.therapeutiques.ch\/wp-content\/uploads\/2024\/10\/pu6.jpg\" class=\"attachment-large size-large wp-image-30\" alt=\"\" srcset=\"https:\/\/massages.therapeutiques.ch\/wp-content\/uploads\/2024\/10\/pu6.jpg 600w, https:\/\/massages.therapeutiques.ch\/wp-content\/uploads\/2024\/10\/pu6-300x169.jpg 300w\" sizes=\"(max-width: 600px) 100vw, 600px\" \/>\t\t\t\t\t\t\t\t\t\t\t\t\t\t\t<\/div>\n\t\t\t\t<\/div>\n\t\t\t\t<div class=\"elementor-element elementor-element-8c42681 elementor-align-center elementor-widget elementor-widget-button\" data-id=\"8c42681\" data-element_type=\"widget\" data-e-type=\"widget\" data-widget_type=\"button.default\">\n\t\t\t\t<div class=\"elementor-widget-container\">\n\t\t\t\t\t\t\t\t\t<div class=\"elementor-button-wrapper\">\n\t\t\t\t\t<a class=\"elementor-button elementor-button-link elementor-size-sm elementor-animation-bob\" href=\"https:\/\/massages.therapeutiques.ch\/index.php\/contact\/\">\n\t\t\t\t\t\t<span class=\"elementor-button-content-wrapper\">\n\t\t\t\t\t\t\t\t\t<span class=\"elementor-button-text\">Merci de me contacter pour prendre un rendez-vous<\/span>\n\t\t\t\t\t<\/span>\n\t\t\t\t\t<\/a>\n\t\t\t\t<\/div>\n\t\t\t\t\t\t\t\t<\/div>\n\t\t\t\t<\/div>\n\t\t\t\t\t<\/div>\n\t\t<\/div>\n\t\t\t\t\t<\/div>\n\t\t<\/section>\n\t\t\t\t<\/div>\n\t\t","protected":false},"excerpt":{"rendered":"<p>Pendule et radiesth\u00e9sie vibratoire avec principalement le PU6 Le pendule fonctionne gr\u00e2ce \u00e0 l\u2019\u00e9nergie qui est en toutes choses et en chacun. Il se connecte \u00e0 la personne et va bouger, tourner, travailler automatiquement au bons endroits. Il est comme un aimant, attir\u00e9 \u00e0 l\u2019endroit qui a besoin d\u2019\u00eatre trait\u00e9. Il s\u2019agit l\u00e0 d\u2019ondes de [&hellip;]<\/p>\n","protected":false},"author":1,"featured_media":0,"parent":0,"menu_order":16,"comment_status":"closed","ping_status":"closed","template":"","meta":{"footnotes":""},"class_list":["post-125","page","type-page","status-publish","hentry"],"_links":{"self":[{"href":"https:\/\/massages.therapeutiques.ch\/index.php\/wp-json\/wp\/v2\/pages\/125","targetHints":{"allow":["GET"]}}],"collection":[{"href":"https:\/\/massages.therapeutiques.ch\/index.php\/wp-json\/wp\/v2\/pages"}],"about":[{"href":"https:\/\/massages.therapeutiques.ch\/index.php\/wp-json\/wp\/v2\/types\/page"}],"author":[{"embeddable":true,"href":"https:\/\/massages.therapeutiques.ch\/index.php\/wp-json\/wp\/v2\/users\/1"}],"replies":[{"embeddable":true,"href":"https:\/\/massages.therapeutiques.ch\/index.php\/wp-json\/wp\/v2\/comments?post=125"}],"version-history":[{"count":10,"href":"https:\/\/massages.therapeutiques.ch\/index.php\/wp-json\/wp\/v2\/pages\/125\/revisions"}],"predecessor-version":[{"id":1391,"href":"https:\/\/massages.therapeutiques.ch\/index.php\/wp-json\/wp\/v2\/pages\/125\/revisions\/1391"}],"wp:attachment":[{"href":"https:\/\/massages.therapeutiques.ch\/index.php\/wp-json\/wp\/v2\/media?parent=125"}],"curies":[{"name":"wp","href":"https:\/\/api.w.org\/{rel}","templated":true}]}}