{"id":130,"date":"2024-10-22T14:38:56","date_gmt":"2024-10-22T12:38:56","guid":{"rendered":"https:\/\/nouveau.therapeutiques.ch\/?page_id=130"},"modified":"2025-02-24T12:55:15","modified_gmt":"2025-02-24T11:55:15","slug":"reflexologie","status":"publish","type":"page","link":"https:\/\/massages.therapeutiques.ch\/index.php\/reflexologie\/","title":{"rendered":"R\u00e9flexologie"},"content":{"rendered":"\t\t<div data-elementor-type=\"wp-page\" data-elementor-id=\"130\" class=\"elementor elementor-130\">\n\t\t\t\t\t\t<section class=\"elementor-section elementor-top-section elementor-element elementor-element-64e5aa0 elementor-section-boxed elementor-section-height-default elementor-section-height-default\" data-id=\"64e5aa0\" data-element_type=\"section\" data-e-type=\"section\" data-settings=\"{&quot;background_background&quot;:&quot;classic&quot;,&quot;shape_divider_bottom&quot;:&quot;waves&quot;}\">\n\t\t\t\t\t\t\t<div class=\"elementor-background-overlay\"><\/div>\n\t\t\t\t\t\t<div class=\"elementor-shape elementor-shape-bottom\" aria-hidden=\"true\" data-negative=\"false\">\n\t\t\t<svg xmlns=\"http:\/\/www.w3.org\/2000\/svg\" viewBox=\"0 0 1000 100\" preserveAspectRatio=\"none\">\n\t<path class=\"elementor-shape-fill\" d=\"M421.9,6.5c22.6-2.5,51.5,0.4,75.5,5.3c23.6,4.9,70.9,23.5,100.5,35.7c75.8,32.2,133.7,44.5,192.6,49.7\n\tc23.6,2.1,48.7,3.5,103.4-2.5c54.7-6,106.2-25.6,106.2-25.6V0H0v30.3c0,0,72,32.6,158.4,30.5c39.2-0.7,92.8-6.7,134-22.4\n\tc21.2-8.1,52.2-18.2,79.7-24.2C399.3,7.9,411.6,7.5,421.9,6.5z\"\/>\n<\/svg>\t\t<\/div>\n\t\t\t\t\t<div class=\"elementor-container elementor-column-gap-default\">\n\t\t\t\t\t<div class=\"elementor-column elementor-col-100 elementor-top-column elementor-element elementor-element-1429ee8\" data-id=\"1429ee8\" data-element_type=\"column\" data-e-type=\"column\">\n\t\t\t<div class=\"elementor-widget-wrap elementor-element-populated\">\n\t\t\t\t\t\t<div class=\"elementor-element elementor-element-b4656d8 elementor-widget elementor-widget-heading\" data-id=\"b4656d8\" data-element_type=\"widget\" data-e-type=\"widget\" data-settings=\"{&quot;_animation&quot;:&quot;none&quot;}\" data-widget_type=\"heading.default\">\n\t\t\t\t<div class=\"elementor-widget-container\">\n\t\t\t\t\t<h1 class=\"elementor-heading-title elementor-size-default\">La r\u00e9flexologie<\/h1>\t\t\t\t<\/div>\n\t\t\t\t<\/div>\n\t\t\t\t\t<\/div>\n\t\t<\/div>\n\t\t\t\t\t<\/div>\n\t\t<\/section>\n\t\t\t\t<section class=\"elementor-section elementor-top-section elementor-element elementor-element-ffdc1a0 elementor-section-boxed elementor-section-height-default elementor-section-height-default\" data-id=\"ffdc1a0\" data-element_type=\"section\" data-e-type=\"section\">\n\t\t\t\t\t\t<div class=\"elementor-container elementor-column-gap-default\">\n\t\t\t\t\t<div class=\"elementor-column elementor-col-100 elementor-top-column elementor-element elementor-element-d0f2515\" data-id=\"d0f2515\" data-element_type=\"column\" data-e-type=\"column\">\n\t\t\t<div class=\"elementor-widget-wrap elementor-element-populated\">\n\t\t\t\t\t\t<div class=\"elementor-element elementor-element-90a305e elementor-invisible elementor-widget elementor-widget-heading\" data-id=\"90a305e\" data-element_type=\"widget\" data-e-type=\"widget\" data-settings=\"{&quot;_animation&quot;:&quot;zoomIn&quot;}\" data-widget_type=\"heading.default\">\n\t\t\t\t<div class=\"elementor-widget-container\">\n\t\t\t\t\t<h1 class=\"elementor-heading-title elementor-size-default\">D\u00e9tente du syst\u00e8me nerveux avec\nla r\u00e9flexologie plantaire et palmaire<\/h1>\t\t\t\t<\/div>\n\t\t\t\t<\/div>\n\t\t\t\t<div class=\"elementor-element elementor-element-8afe1d4 elementor-widget elementor-widget-text-editor\" data-id=\"8afe1d4\" data-element_type=\"widget\" data-e-type=\"widget\" data-widget_type=\"text-editor.default\">\n\t\t\t\t<div class=\"elementor-widget-container\">\n\t\t\t\t\t\t\t\t\t<p>La r\u00e9flexologie permet d&rsquo;amener un \u00e9quilibre dans tout le syst\u00e8me nerveux du corps. Il y a 7&rsquo;200 terminaisons nerveuses sous chaque pied. Les nerfs qui partent de la moelle \u00e9pini\u00e8re et la colonne vert\u00e9brale, vont transmettre des millions de messages entre le cerveau et le corps, soit aux organes, aux muscles et aux ligaments.<\/p><p>Un stress sur un muscle , un ligament ou une vert\u00e9bre am\u00e8nera donc une pression sur le nerf rachidien qui lui alimente un certain organe, et cela pourra amener un trouble \u00e0 cet organe.<\/p><p>Ce soin \u00e0 titre pr\u00e9ventif permet un bon \u00e9quilibre du syst\u00e8me nerveux au quotidien.<\/p><p>Il est sp\u00e9cialement indiqu\u00e9 en cas de stress, nerfs \u00e0 fleurs de peau, grosses \u00e9motions et tensions nerveuses.<\/p>\t\t\t\t\t\t\t\t<\/div>\n\t\t\t\t<\/div>\n\t\t\t\t<div class=\"elementor-element elementor-element-46500a3 elementor-widget elementor-widget-image\" data-id=\"46500a3\" data-element_type=\"widget\" data-e-type=\"widget\" data-widget_type=\"image.default\">\n\t\t\t\t<div class=\"elementor-widget-container\">\n\t\t\t\t\t\t\t\t\t\t\t\t\t\t\t<img decoding=\"async\" src=\"https:\/\/massages.therapeutiques.ch\/wp-content\/uploads\/elementor\/thumbs\/reflexologie-r1z8q7rt458rh5yq2q67jhy1lvcmzppgx3pmxaip2o.jpg\" title=\"reflexologie\" alt=\"reflexologie\" loading=\"lazy\" \/>\t\t\t\t\t\t\t\t\t\t\t\t\t\t\t<\/div>\n\t\t\t\t<\/div>\n\t\t\t\t<div class=\"elementor-element elementor-element-1c7dd7a elementor-widget elementor-widget-text-editor\" data-id=\"1c7dd7a\" data-element_type=\"widget\" data-e-type=\"widget\" data-widget_type=\"text-editor.default\">\n\t\t\t\t<div class=\"elementor-widget-container\">\n\t\t\t\t\t\t\t\t\t<p>on travaille sur le cerveau et les nerfs craniens :<br \/>Nerf olfactif, nerf optique, nerf oculamoteur (yeux), nerf trochl\u00e9aire (yeux), nerf abducens ( yeux), nerf trijumeau ( visage), nerf facial ( visage), nerf vestibulocochl\u00e9aire ( audition, \u00e9quilibre), nerf glassopharyngien ( langue et palais), nerf vague ( tout le corps). nerfs accessoires ( dont les muscles du cou), nerf hypoglosse ( langue)<br \/><br \/>Les nerfs de la colonne vert\u00e9brale :<br \/>Nerfs cervicaux, nerfs thoraciques, nerfs lombaux, nerfs sacraux, nerf coccygien, plexus lombal et sacral<br \/><br \/>Le soin se termine par un travail sur le diaphragme, la vessie, les reins et les surr\u00e9nales, ainsi qu&rsquo;un drainage de toutes les toxines ou autres qui ont \u00e9t\u00e9 lib\u00e9r\u00e9es gr\u00e2ce au soin.<\/p>\t\t\t\t\t\t\t\t<\/div>\n\t\t\t\t<\/div>\n\t\t\t\t<div class=\"elementor-element elementor-element-b75925d elementor-widget elementor-widget-image\" data-id=\"b75925d\" data-element_type=\"widget\" data-e-type=\"widget\" data-widget_type=\"image.default\">\n\t\t\t\t<div class=\"elementor-widget-container\">\n\t\t\t\t\t\t\t\t\t\t\t\t\t\t\t<img decoding=\"async\" src=\"https:\/\/massages.therapeutiques.ch\/wp-content\/uploads\/elementor\/thumbs\/nerfs-r1z8sa12422eycyv149qih7gjb6mvsw9jb8zu5glf4.jpg\" title=\"nerfs\" alt=\"nerfs\" loading=\"lazy\" \/>\t\t\t\t\t\t\t\t\t\t\t\t\t\t\t<\/div>\n\t\t\t\t<\/div>\n\t\t\t\t<div class=\"elementor-element elementor-element-6e87418 elementor-align-center elementor-widget elementor-widget-button\" data-id=\"6e87418\" data-element_type=\"widget\" data-e-type=\"widget\" data-widget_type=\"button.default\">\n\t\t\t\t<div class=\"elementor-widget-container\">\n\t\t\t\t\t\t\t\t\t<div class=\"elementor-button-wrapper\">\n\t\t\t\t\t<a class=\"elementor-button elementor-button-link elementor-size-sm elementor-animation-bob\" href=\"https:\/\/calendar.google.com\/calendar\/appointments\/AcZssZ2eN7wyHxQBny7xn5BqBldzY5gLHHdqh_sOJrY=?gv=true\">\n\t\t\t\t\t\t<span class=\"elementor-button-content-wrapper\">\n\t\t\t\t\t\t\t\t\t<span class=\"elementor-button-text\">R\u00e9servez un rendez-vous<\/span>\n\t\t\t\t\t<\/span>\n\t\t\t\t\t<\/a>\n\t\t\t\t<\/div>\n\t\t\t\t\t\t\t\t<\/div>\n\t\t\t\t<\/div>\n\t\t\t\t\t<\/div>\n\t\t<\/div>\n\t\t\t\t\t<\/div>\n\t\t<\/section>\n\t\t\t\t<\/div>\n\t\t","protected":false},"excerpt":{"rendered":"<p>La r\u00e9flexologie D\u00e9tente du syst\u00e8me nerveux avec la r\u00e9flexologie plantaire et palmaire La r\u00e9flexologie permet d&rsquo;amener un \u00e9quilibre dans tout le syst\u00e8me nerveux du corps. Il y a 7&rsquo;200 terminaisons nerveuses sous chaque pied. Les nerfs qui partent de la moelle \u00e9pini\u00e8re et la colonne vert\u00e9brale, vont transmettre des millions de messages entre le cerveau [&hellip;]<\/p>\n","protected":false},"author":1,"featured_media":0,"parent":0,"menu_order":17,"comment_status":"closed","ping_status":"closed","template":"","meta":{"footnotes":""},"class_list":["post-130","page","type-page","status-publish","hentry"],"_links":{"self":[{"href":"https:\/\/massages.therapeutiques.ch\/index.php\/wp-json\/wp\/v2\/pages\/130","targetHints":{"allow":["GET"]}}],"collection":[{"href":"https:\/\/massages.therapeutiques.ch\/index.php\/wp-json\/wp\/v2\/pages"}],"about":[{"href":"https:\/\/massages.therapeutiques.ch\/index.php\/wp-json\/wp\/v2\/types\/page"}],"author":[{"embeddable":true,"href":"https:\/\/massages.therapeutiques.ch\/index.php\/wp-json\/wp\/v2\/users\/1"}],"replies":[{"embeddable":true,"href":"https:\/\/massages.therapeutiques.ch\/index.php\/wp-json\/wp\/v2\/comments?post=130"}],"version-history":[{"count":16,"href":"https:\/\/massages.therapeutiques.ch\/index.php\/wp-json\/wp\/v2\/pages\/130\/revisions"}],"predecessor-version":[{"id":1204,"href":"https:\/\/massages.therapeutiques.ch\/index.php\/wp-json\/wp\/v2\/pages\/130\/revisions\/1204"}],"wp:attachment":[{"href":"https:\/\/massages.therapeutiques.ch\/index.php\/wp-json\/wp\/v2\/media?parent=130"}],"curies":[{"name":"wp","href":"https:\/\/api.w.org\/{rel}","templated":true}]}}