{"id":572,"date":"2025-02-01T22:10:41","date_gmt":"2025-02-01T21:10:41","guid":{"rendered":"https:\/\/nouveau.therapeutiques.ch\/?page_id=572"},"modified":"2025-02-17T20:23:58","modified_gmt":"2025-02-17T19:23:58","slug":"massage-relaxant-2","status":"publish","type":"page","link":"https:\/\/massages.therapeutiques.ch\/index.php\/massage-relaxant-2\/","title":{"rendered":"Massage relaxant"},"content":{"rendered":"\t\t<div data-elementor-type=\"wp-page\" data-elementor-id=\"572\" class=\"elementor elementor-572\">\n\t\t\t\t\t\t<section class=\"elementor-section elementor-top-section elementor-element elementor-element-64e5aa0 elementor-section-boxed elementor-section-height-default elementor-section-height-default\" data-id=\"64e5aa0\" data-element_type=\"section\" data-e-type=\"section\" data-settings=\"{&quot;background_background&quot;:&quot;classic&quot;,&quot;shape_divider_bottom&quot;:&quot;waves&quot;}\">\n\t\t\t\t\t\t\t<div class=\"elementor-background-overlay\"><\/div>\n\t\t\t\t\t\t<div class=\"elementor-shape elementor-shape-bottom\" aria-hidden=\"true\" data-negative=\"false\">\n\t\t\t<svg xmlns=\"http:\/\/www.w3.org\/2000\/svg\" viewBox=\"0 0 1000 100\" preserveAspectRatio=\"none\">\n\t<path class=\"elementor-shape-fill\" d=\"M421.9,6.5c22.6-2.5,51.5,0.4,75.5,5.3c23.6,4.9,70.9,23.5,100.5,35.7c75.8,32.2,133.7,44.5,192.6,49.7\n\tc23.6,2.1,48.7,3.5,103.4-2.5c54.7-6,106.2-25.6,106.2-25.6V0H0v30.3c0,0,72,32.6,158.4,30.5c39.2-0.7,92.8-6.7,134-22.4\n\tc21.2-8.1,52.2-18.2,79.7-24.2C399.3,7.9,411.6,7.5,421.9,6.5z\"\/>\n<\/svg>\t\t<\/div>\n\t\t\t\t\t<div class=\"elementor-container elementor-column-gap-default\">\n\t\t\t\t\t<div class=\"elementor-column elementor-col-100 elementor-top-column elementor-element elementor-element-1429ee8\" data-id=\"1429ee8\" data-element_type=\"column\" data-e-type=\"column\">\n\t\t\t<div class=\"elementor-widget-wrap elementor-element-populated\">\n\t\t\t\t\t\t<div class=\"elementor-element elementor-element-b4656d8 elementor-widget elementor-widget-heading\" data-id=\"b4656d8\" data-element_type=\"widget\" data-e-type=\"widget\" data-settings=\"{&quot;_animation&quot;:&quot;none&quot;}\" data-widget_type=\"heading.default\">\n\t\t\t\t<div class=\"elementor-widget-container\">\n\t\t\t\t\t<h1 class=\"elementor-heading-title elementor-size-default\">Le massage relaxant<\/h1>\t\t\t\t<\/div>\n\t\t\t\t<\/div>\n\t\t\t\t\t<\/div>\n\t\t<\/div>\n\t\t\t\t\t<\/div>\n\t\t<\/section>\n\t\t\t\t<section class=\"elementor-section elementor-top-section elementor-element elementor-element-ffdc1a0 elementor-section-boxed elementor-section-height-default elementor-section-height-default\" data-id=\"ffdc1a0\" data-element_type=\"section\" data-e-type=\"section\">\n\t\t\t\t\t\t<div class=\"elementor-container elementor-column-gap-default\">\n\t\t\t\t\t<div class=\"elementor-column elementor-col-100 elementor-top-column elementor-element elementor-element-d0f2515\" data-id=\"d0f2515\" data-element_type=\"column\" data-e-type=\"column\">\n\t\t\t<div class=\"elementor-widget-wrap elementor-element-populated\">\n\t\t\t\t\t\t<div class=\"elementor-element elementor-element-8afe1d4 elementor-widget elementor-widget-text-editor\" data-id=\"8afe1d4\" data-element_type=\"widget\" data-e-type=\"widget\" data-widget_type=\"text-editor.default\">\n\t\t\t\t<div class=\"elementor-widget-container\">\n\t\t\t\t\t\t\t\t\t<p>Le but du massage relaxant est avant tout d&rsquo;apporter bien \u00eatre et d\u00e9tente.<br \/>Il est doux mais tout en profondeur.<br \/>Les mouvements sont assez lents et fluides.<\/p>\t\t\t\t\t\t\t\t<\/div>\n\t\t\t\t<\/div>\n\t\t\t\t<div class=\"elementor-element elementor-element-27e0378 elementor-widget elementor-widget-image\" data-id=\"27e0378\" data-element_type=\"widget\" data-e-type=\"widget\" data-widget_type=\"image.default\">\n\t\t\t\t<div class=\"elementor-widget-container\">\n\t\t\t\t\t\t\t\t\t\t\t\t\t\t\t<img fetchpriority=\"high\" decoding=\"async\" width=\"800\" height=\"450\" src=\"https:\/\/massages.therapeutiques.ch\/wp-content\/uploads\/2025\/02\/ARM03027-1024x576.jpg\" class=\"attachment-large size-large wp-image-983\" alt=\"\" srcset=\"https:\/\/massages.therapeutiques.ch\/wp-content\/uploads\/2025\/02\/ARM03027-1024x576.jpg 1024w, https:\/\/massages.therapeutiques.ch\/wp-content\/uploads\/2025\/02\/ARM03027-300x169.jpg 300w, https:\/\/massages.therapeutiques.ch\/wp-content\/uploads\/2025\/02\/ARM03027-768x432.jpg 768w, https:\/\/massages.therapeutiques.ch\/wp-content\/uploads\/2025\/02\/ARM03027-1536x863.jpg 1536w, https:\/\/massages.therapeutiques.ch\/wp-content\/uploads\/2025\/02\/ARM03027.jpg 1900w\" sizes=\"(max-width: 800px) 100vw, 800px\" \/>\t\t\t\t\t\t\t\t\t\t\t\t\t\t\t<\/div>\n\t\t\t\t<\/div>\n\t\t\t\t<div class=\"elementor-element elementor-element-117f57f elementor-widget elementor-widget-text-editor\" data-id=\"117f57f\" data-element_type=\"widget\" data-e-type=\"widget\" data-widget_type=\"text-editor.default\">\n\t\t\t\t<div class=\"elementor-widget-container\">\n\t\t\t\t\t\t\t\t\t<p>Le massage peut se faire sur les jambes, les pieds, les bras, les mains, le ventre, la nuque, la t\u00eate et le dos.<br \/>Selon les pr\u00e9f\u00e9rences, il peut \u00eatre l\u00e9ger ou bien appuy\u00e9.<\/p><p>Le massage du ventre stimule le syst\u00e8me digestif.<br \/>Le masage du dos est profitable pour tout le syst\u00e8me nerveux qui part de la colonne vert\u00e9brale dans toutes les directions du corps.<br \/>Le massage de la t\u00eate et nuque peut am\u00e9liorer les capacit\u00e9s intellectuelles.<\/p>\t\t\t\t\t\t\t\t<\/div>\n\t\t\t\t<\/div>\n\t\t\t\t<div class=\"elementor-element elementor-element-4b2a775 elementor-widget elementor-widget-image\" data-id=\"4b2a775\" data-element_type=\"widget\" data-e-type=\"widget\" data-widget_type=\"image.default\">\n\t\t\t\t<div class=\"elementor-widget-container\">\n\t\t\t\t\t\t\t\t\t\t\t\t\t\t\t<img decoding=\"async\" width=\"800\" height=\"450\" src=\"https:\/\/massages.therapeutiques.ch\/wp-content\/uploads\/2025\/02\/ARM02879-1024x576.jpg\" class=\"attachment-large size-large wp-image-968\" alt=\"\" srcset=\"https:\/\/massages.therapeutiques.ch\/wp-content\/uploads\/2025\/02\/ARM02879-1024x576.jpg 1024w, https:\/\/massages.therapeutiques.ch\/wp-content\/uploads\/2025\/02\/ARM02879-300x169.jpg 300w, https:\/\/massages.therapeutiques.ch\/wp-content\/uploads\/2025\/02\/ARM02879-768x432.jpg 768w, https:\/\/massages.therapeutiques.ch\/wp-content\/uploads\/2025\/02\/ARM02879-1536x863.jpg 1536w, https:\/\/massages.therapeutiques.ch\/wp-content\/uploads\/2025\/02\/ARM02879.jpg 1900w\" sizes=\"(max-width: 800px) 100vw, 800px\" \/>\t\t\t\t\t\t\t\t\t\t\t\t\t\t\t<\/div>\n\t\t\t\t<\/div>\n\t\t\t\t<div class=\"elementor-element elementor-element-46500a3 elementor-widget elementor-widget-image\" data-id=\"46500a3\" data-element_type=\"widget\" data-e-type=\"widget\" data-widget_type=\"image.default\">\n\t\t\t\t<div class=\"elementor-widget-container\">\n\t\t\t\t\t\t\t\t\t\t\t\t\t\t\t<img decoding=\"async\" src=\"https:\/\/nouveau.therapeutiques.ch\/wp-content\/uploads\/2025\/01\/dos2.jpg.png\" title=\"\" alt=\"\" loading=\"lazy\" \/>\t\t\t\t\t\t\t\t\t\t\t\t\t\t\t<\/div>\n\t\t\t\t<\/div>\n\t\t\t\t<div class=\"elementor-element elementor-element-1c7dd7a elementor-widget elementor-widget-text-editor\" data-id=\"1c7dd7a\" data-element_type=\"widget\" data-e-type=\"widget\" data-widget_type=\"text-editor.default\">\n\t\t\t\t<div class=\"elementor-widget-container\">\n\t\t\t\t\t\t\t\t\t<h4>Vertus<\/h4><div class=\"puces\"><ul><li>\u00e9limine le stress et la nervosit\u00e9<\/li><li>assouplit la peau, les muscles, tendons et ligaments<\/li><li>am\u00e9liore la circulation sanguine cutan\u00e9e et musculaire, ainsi que le syst\u00e8me lymphatique<\/li><li>d\u00e9tend les muscles tendus apr\u00e8s le sport ou suite \u00e0 des tensions musculaires<\/li><li>\u00e9limine les toxines<\/li><li>r\u00e9gule la tension art\u00e9rielle<\/li><li>aide en cas de troubles rhumatismaux<\/li><li>soulage les probl\u00e8mes respiratoires et troubles li\u00e9s aux maladies cardiovasculaires<\/li><li>aide en cas de d\u00e9pression et insomnies<\/li><\/ul><\/div>\t\t\t\t\t\t\t\t<\/div>\n\t\t\t\t<\/div>\n\t\t\t\t<div class=\"elementor-element elementor-element-cb795e6 elementor-widget elementor-widget-image\" data-id=\"cb795e6\" data-element_type=\"widget\" data-e-type=\"widget\" data-widget_type=\"image.default\">\n\t\t\t\t<div class=\"elementor-widget-container\">\n\t\t\t\t\t\t\t\t\t\t\t\t\t\t\t<img decoding=\"async\" width=\"800\" height=\"450\" src=\"https:\/\/massages.therapeutiques.ch\/wp-content\/uploads\/2025\/02\/ARM02980-1-1024x576.jpg\" class=\"attachment-large size-large wp-image-985\" alt=\"\" srcset=\"https:\/\/massages.therapeutiques.ch\/wp-content\/uploads\/2025\/02\/ARM02980-1-1024x576.jpg 1024w, https:\/\/massages.therapeutiques.ch\/wp-content\/uploads\/2025\/02\/ARM02980-1-300x169.jpg 300w, https:\/\/massages.therapeutiques.ch\/wp-content\/uploads\/2025\/02\/ARM02980-1-768x432.jpg 768w, https:\/\/massages.therapeutiques.ch\/wp-content\/uploads\/2025\/02\/ARM02980-1-1536x863.jpg 1536w, https:\/\/massages.therapeutiques.ch\/wp-content\/uploads\/2025\/02\/ARM02980-1.jpg 1900w\" sizes=\"(max-width: 800px) 100vw, 800px\" \/>\t\t\t\t\t\t\t\t\t\t\t\t\t\t\t<\/div>\n\t\t\t\t<\/div>\n\t\t\t\t<div class=\"elementor-element elementor-element-b75925d elementor-widget elementor-widget-image\" data-id=\"b75925d\" data-element_type=\"widget\" data-e-type=\"widget\" data-widget_type=\"image.default\">\n\t\t\t\t<div class=\"elementor-widget-container\">\n\t\t\t\t\t\t\t\t\t\t\t\t\t\t\t<img loading=\"lazy\" decoding=\"async\" width=\"800\" height=\"534\" src=\"https:\/\/massages.therapeutiques.ch\/wp-content\/uploads\/2025\/02\/site_04.janv_.2019_ARM03020-Avec-accentuation-Bruit-2-1024x683.jpg\" class=\"attachment-large size-large wp-image-1010\" alt=\"\" srcset=\"https:\/\/massages.therapeutiques.ch\/wp-content\/uploads\/2025\/02\/site_04.janv_.2019_ARM03020-Avec-accentuation-Bruit-2-1024x683.jpg 1024w, https:\/\/massages.therapeutiques.ch\/wp-content\/uploads\/2025\/02\/site_04.janv_.2019_ARM03020-Avec-accentuation-Bruit-2-300x200.jpg 300w, https:\/\/massages.therapeutiques.ch\/wp-content\/uploads\/2025\/02\/site_04.janv_.2019_ARM03020-Avec-accentuation-Bruit-2-768x512.jpg 768w, https:\/\/massages.therapeutiques.ch\/wp-content\/uploads\/2025\/02\/site_04.janv_.2019_ARM03020-Avec-accentuation-Bruit-2-1536x1024.jpg 1536w\" sizes=\"(max-width: 800px) 100vw, 800px\" \/>\t\t\t\t\t\t\t\t\t\t\t\t\t\t\t<\/div>\n\t\t\t\t<\/div>\n\t\t\t\t<div class=\"elementor-element elementor-element-6e87418 elementor-align-center elementor-widget elementor-widget-button\" data-id=\"6e87418\" data-element_type=\"widget\" data-e-type=\"widget\" data-widget_type=\"button.default\">\n\t\t\t\t<div class=\"elementor-widget-container\">\n\t\t\t\t\t\t\t\t\t<div class=\"elementor-button-wrapper\">\n\t\t\t\t\t<a class=\"elementor-button elementor-button-link elementor-size-sm elementor-animation-bob\" href=\"https:\/\/calendar.google.com\/calendar\/appointments\/AcZssZ2eN7wyHxQBny7xn5BqBldzY5gLHHdqh_sOJrY=?gv=true\">\n\t\t\t\t\t\t<span class=\"elementor-button-content-wrapper\">\n\t\t\t\t\t\t\t\t\t<span class=\"elementor-button-text\">R\u00e9servez un rendez-vous<\/span>\n\t\t\t\t\t<\/span>\n\t\t\t\t\t<\/a>\n\t\t\t\t<\/div>\n\t\t\t\t\t\t\t\t<\/div>\n\t\t\t\t<\/div>\n\t\t\t\t\t<\/div>\n\t\t<\/div>\n\t\t\t\t\t<\/div>\n\t\t<\/section>\n\t\t\t\t<\/div>\n\t\t","protected":false},"excerpt":{"rendered":"<p>Le massage relaxant Le but du massage relaxant est avant tout d&rsquo;apporter bien \u00eatre et d\u00e9tente.Il est doux mais tout en profondeur.Les mouvements sont assez lents et fluides. Le massage peut se faire sur les jambes, les pieds, les bras, les mains, le ventre, la nuque, la t\u00eate et le dos.Selon les pr\u00e9f\u00e9rences, il peut [&hellip;]<\/p>\n","protected":false},"author":1,"featured_media":0,"parent":0,"menu_order":17,"comment_status":"closed","ping_status":"closed","template":"","meta":{"footnotes":""},"class_list":["post-572","page","type-page","status-publish","hentry"],"_links":{"self":[{"href":"https:\/\/massages.therapeutiques.ch\/index.php\/wp-json\/wp\/v2\/pages\/572","targetHints":{"allow":["GET"]}}],"collection":[{"href":"https:\/\/massages.therapeutiques.ch\/index.php\/wp-json\/wp\/v2\/pages"}],"about":[{"href":"https:\/\/massages.therapeutiques.ch\/index.php\/wp-json\/wp\/v2\/types\/page"}],"author":[{"embeddable":true,"href":"https:\/\/massages.therapeutiques.ch\/index.php\/wp-json\/wp\/v2\/users\/1"}],"replies":[{"embeddable":true,"href":"https:\/\/massages.therapeutiques.ch\/index.php\/wp-json\/wp\/v2\/comments?post=572"}],"version-history":[{"count":16,"href":"https:\/\/massages.therapeutiques.ch\/index.php\/wp-json\/wp\/v2\/pages\/572\/revisions"}],"predecessor-version":[{"id":1107,"href":"https:\/\/massages.therapeutiques.ch\/index.php\/wp-json\/wp\/v2\/pages\/572\/revisions\/1107"}],"wp:attachment":[{"href":"https:\/\/massages.therapeutiques.ch\/index.php\/wp-json\/wp\/v2\/media?parent=572"}],"curies":[{"name":"wp","href":"https:\/\/api.w.org\/{rel}","templated":true}]}}